{"id":8596,"date":"2023-11-29T12:00:05","date_gmt":"2023-11-29T11:00:05","guid":{"rendered":"https:\/\/strive.pl\/datenschutzerklaerung\/"},"modified":"2024-11-14T16:31:21","modified_gmt":"2024-11-14T15:31:21","slug":"datenschutzerklaerung","status":"publish","type":"page","link":"https:\/\/strive.pl\/de\/datenschutzerklaerung\/","title":{"rendered":"Datenschutzerkl\u00e4rung"},"content":{"rendered":"\n<h2 class=\"wp-block-heading\"><\/h2>\n\n<p>\n          <strong>Diese Datenschutzerkl\u00e4rung enth\u00e4lt die gesetzlich vorgeschriebenen Informationen zur Verarbeitung personenbezogener Daten, die von der Strive Sp. z o.o. mit Sitz in Wroc\u0142aw (50-062), Pl. Solny 14\/3 (im Folgenden Strive)  <\/strong>\n        <\/p>\n\n<p>\n          <strong>I. Einleitung und von uns verwendete Begriffe<\/strong>\n        <\/p>\n\n<p>Aus Gr\u00fcnden der Transparenz dieser Datenschutzerkl\u00e4rung haben wir es vermieden, eine komplizierte Rechtssprache zu verwenden, wo dies m\u00f6glich war. Wenn wir Sie daher mit dem Wort \u201eSie\u201c ansprechen, beziehen wir uns auf die Person, deren Daten verarbeitet werden oder auf den Nutzer unserer Dienste. <\/p>\n\n<p>\n          <strong>II. Verantwortlicher und Kontaktdaten <\/strong>\n        <\/p>\n\n<p>Wie oben erw\u00e4hnt, ist Strive der Verantwortliche f\u00fcr Ihre personenbezogenen Daten.<\/p>\n\n<p>Wenn Sie Fragen zu dieser Datenschutzerkl\u00e4rung oder zur Verarbeitung Ihrer personenbezogenen Daten haben, kontaktieren Sie uns bitte unter:<\/p>\n\n<p>STRIVE Sp. z o.o. <\/p>\n\n<p>pl. Solny 14\/3 <\/p>\n\n<p>50-062 Wroc\u0142aw<\/p>\n\n<p>e-mail: <a href=\"mailto:kontakt@strive.pl\">kontakt@strive.pl<\/a><\/p>\n\n<p>\n          <strong>III. Rechtsgrundlagen und Zwecke f\u00fcr einzelne Verarbeitungsvorg\u00e4nge <\/strong>\n        <\/p>\n\n<p>Die Rechtsgrundlagen f\u00fcr jeden Verarbeitungsvorgang k\u00f6nnen je nach Zweck der Verarbeitung personenbezogener Daten unterschiedlich sein. Daher werden sie in den entsprechenden Abschnitten detailliert beschrieben. Nachfolgend stellen wir Ihnen tabellarisch dar, zu welchem Zweck, auf welcher Grundlage und wie lange wir Ihre personenbezogenen Daten verarbeiten.  <\/p>\n\n<figure class=\"wp-block-table\"><table><tbody><tr><td>\n          <strong>Verarbeitungsvorg\u00e4nge<\/strong>\n        <\/td><td>\n          <strong>Rechtsgrundlage<\/strong>\n        <\/td><td>\n          <strong>Zweck der Verarbeitung<\/strong>\n        <\/td><td>\n          <strong>Speicherdauer<\/strong>\n        <\/td><\/tr><tr><td>Vertreter und Personen, die mit unseren Kunden oder Lieferanten verbunden sind.<\/td><td>artikel 6 Absatz 1 Buchstabe f DSGVO \u2013 berechtigtes Interesse von Strive.  <\/td><td>Erm\u00f6glichung der Bereitstellung professioneller Dienstleistungen f\u00fcr Kunden; Bestellung und Empfang von Dienstleistungen bei Lieferanten; Verwaltung der Beziehungen zu Kunden und Lieferanten; Geltendmachung von Anspr\u00fcchen, insbesondere durch Dokumentation erbrachter Leistungen.<\/td><td>Bis zum Ende der Zusammenarbeit mit STRIVE und f\u00fcr den gesetzlich festgelegten Zeitraum, solange Sie oder wir gegenseitige Anspr\u00fcche geltend machen k\u00f6nnen.<\/td><\/tr><tr><td>Kunden, Lieferanten und Subunternehmer, die juristische Personen sind.<\/td><td>Kunst. 6 Abschnitt 1 Buchstabe b) DSGVO \u2013 Erf\u00fcllung eines Vertrages bzw. Vornahme vertragsabschlie\u00dfender Ma\u00dfnahmen  <\/td><td>Aufbau einer Zusammenarbeit mit dem Kunden, Lieferanten oder Subunternehmer; Bestellung und Empfang von Dienstleistungen bei Lieferanten und Subunternehmern.<\/td><td>Bis zum Ende der Zusammenarbeit mit STRIVE und f\u00fcr den gesetzlich festgelegten Zeitraum und solange Sie oder wir gegenseitige Anspr\u00fcche geltend machen k\u00f6nnen.<\/td><\/tr><tr><td>\u00a0<\/td><td>artikel 6 Absatz 1 Buchstabe c DSGVO \u2013 Erf\u00fcllung der gesetzlichen Verpflichtung von Strive, die sich aus dem Umsatzsteuergesetz, dem Einkommensteuergesetz oder dem K\u00f6rperschaftsteuergesetz ergibt; Erf\u00fcllung der steuerlichen Verpflichtungen von Strive.  <\/td><td>Erf\u00fcllung der STRIVE-Steuerpflichten.<\/td><td>\u00a0<\/td><\/tr><tr><td>\u00a0<\/td><td>artikel 6 Absatz 1 Buchstabe f DSGVO \u2013 berechtigtes Interesse von Strive.  <\/td><td>Erm\u00f6glichung der Bereitstellung professioneller Dienstleistungen f\u00fcr Kunden; Bestellung und Empfang von Dienstleistungen bei Lieferanten; Verwaltung der Beziehungen zu Kunden und Lieferanten; Geltendmachung von Anspr\u00fcchen, insbesondere durch Dokumentation erbrachter Leistungen.<\/td><td>\u00a0<\/td><\/tr><tr><td>Kandidaten<\/td><td>art. 6 Abs. 1 lit. a DSGVO \u2013 Einwilligung  <\/td><td>Eintrag in die STRIVE-Kandidatendatenbank.<\/td><td>Bis zum Widerruf der Einwilligung.<\/td><\/tr><tr><td>Website<\/td><td>artikel 6 Absatz 1 Buchstabe f DSGVO \u2013 berechtigtes Interesse von Strive.  <\/td><td>\u00dcberwachung und Durchsetzung der Einhaltung der Nutzungsbedingungen unserer Website; Aggregierung von Daten f\u00fcr Website-Analysen und Verbesserungen; Bereitstellung von Informationen \u00fcber Aktivit\u00e4ten, Dienstleistungen und Veranstaltungen von Strive sowie anderer Informationen, die f\u00fcr Sie von Interesse sein k\u00f6nnten, wie z. B. die Beantwortung Ihrer Anfragen.<\/td><td>Bis zur L\u00f6schung von Cookies gem\u00e4\u00df den Informationen im Abschnitt Cookies; Bei Gesch\u00e4ftsanfragen \u2013 3 Jahre ab dem Zeitpunkt der letzten Korrespondenz.<\/td><\/tr><tr><td>Marketingkommunikation<\/td><td>artikel 6 Absatz 1 Buchstabe f DSGVO \u2013 berechtigtes Interesse von Strive.  <\/td><td>Direktvermarktung von Produkten und Dienstleistungen von Strive;<br\/><br\/>Zusendung kommerzieller Informationen auf elektronischem Wege, insbesondere Newsletter;<br\/><br\/>Durchf\u00fchrung von Direktmarketingaktivit\u00e4ten \u00fcber ein Telekommunikationsger\u00e4t (Telefon);<br\/><br\/>Gesch\u00e4ftsinformationen werden nur an Personen gesendet, die gem\u00e4\u00df Artikel 10 Absatz 2 des Gesetzes vom 18. Juli 2002 \u00fcber die Erbringung elektronischer Dienstleistungen in den Erhalt von Gesch\u00e4ftsinformationen von Strive eingewilligt haben.   <br\/><br\/>Die Direktwerbung \u00fcber ein Telekommunikationsger\u00e4t (Telefon) erfolgt nur gegen\u00fcber Personen, die dieser Form der Vermarktung gem\u00e4\u00df Artikel 172 Absatz 1 des Gesetzes vom 16. Juli 2004 zugestimmt haben. Telekommunikationsrecht.   <\/td><td>Bis Sie vom Erhalt kommerzieller Informationen zur\u00fccktreten oder Ihre Einwilligung zur Nutzung des Telekommunikationsger\u00e4ts f\u00fcr Marketingzwecke widerrufen oder bis Sie von Ihrem Recht Gebrauch machen, der Verarbeitung personenbezogener Daten f\u00fcr Marketingzwecke zu widersprechen.<\/td><\/tr><\/tbody><\/table><\/figure>\n\n<p>\n          <strong>IV. M\u00fcssen Sie Ihre Daten angeben? <\/strong>\n        <\/p>\n\n<p>Die Angabe personenbezogener Daten ist obligatorisch \u2013 im Hinblick auf die Zwecke der Verarbeitung, die im Rahmen einer gesetzlichen Verpflichtung erfolgt. Im \u00fcbrigen Umfang ist die Verarbeitung personenbezogener Daten freiwillig. Es ist jedoch notwendig, Ihnen Dienstleistungen zur Verf\u00fcgung zu stellen.  <\/p>\n\n<p>\n          <strong>V. An wen k\u00f6nnen wir Ihre Daten \u00fcbermitteln?<\/strong>\n        <\/p>\n\n<p>Ihre personenbezogenen Daten werden nicht an Dritte weitergegeben, au\u00dfer:<\/p>\n\n<ul class=\"wp-block-list\">\n<li>Vertrauensw\u00fcrdige Partner und\/oder Dienstleister, die personenbezogene Daten im Auftrag von Strive verarbeiten. Dienstleister k\u00f6nnen IT-Dienstleister umfassen, einschlie\u00dflich Management-, Hosting- und Website-Management, Datenanalyse, Datensicherung, Sicherheits- und Speicherdienste, soweit dies mit Verarbeitungst\u00e4tigkeiten zusammenh\u00e4ngt; <\/li>\n\n\n\n<li>Regierungs- oder Aufsichtsbeh\u00f6rden, Gerichte und Strafverfolgungsbeh\u00f6rden oder -beh\u00f6rden nach Bedarf und\/oder nach geltendem Recht oder geltender Verordnung.<\/li>\n<\/ul>\n\n<p>Ihre personenbezogenen Daten k\u00f6nnen in L\u00e4nder au\u00dferhalb des Europ\u00e4ischen Wirtschaftsraums (EWR) \u2013 Drittstaaten \u2013 gem\u00e4\u00df Artikel 45 Abs. 1 DSGVO \u2013 eine Entscheidung der Europ\u00e4ischen Kommission \u00fcber ein angemessenes Schutzniveau (gilt f\u00fcr die von der Entscheidung betroffenen L\u00e4nder) oder Artikel 46 Absatz 2 Buchstabe c DSGVO \u2013 von der Europ\u00e4ischen Kommission angenommene Standardvertragsklauseln.    <\/p>\n\n<p>\n          <strong>VI. Welche Rechte haben Sie? <\/strong>\n        <\/p>\n\n<p>Die Datenschutz-Grundverordnung (DSGVO) gew\u00e4hrt Ihnen eine Reihe von Rechten im Zusammenhang mit der Verarbeitung Ihrer personenbezogenen Daten, darunter: <\/p>\n\n<ul class=\"wp-block-list\">\n<li>das Recht auf Zugriff auf Ihre Daten, einschlie\u00dflich des Erhalts einer Kopie der Daten;<\/li>\n\n\n\n<li>das Recht, die Berichtigung von Daten zu verlangen;<\/li>\n\n\n\n<li>das Recht auf L\u00f6schung von Daten (in den in der DSGVO vorgesehenen F\u00e4llen);<\/li>\n\n\n\n<li>das Recht, die Verarbeitung Ihrer personenbezogenen Daten einzuschr\u00e4nken;<\/li>\n\n\n\n<li>das Recht auf Widerruf der Einwilligung \u2013 soweit Ihre Daten auf Grundlage Ihrer Einwilligung verarbeitet werden. Bitte beachten Sie, dass der Widerruf der Einwilligung die Rechtm\u00e4\u00dfigkeit der Verarbeitung, die auf der Grundlage der Einwilligung vor ihrem Widerruf durchgef\u00fchrt wurde, nicht ber\u00fchrt; <\/li>\n\n\n\n<li>das Recht auf Daten\u00fcbertragbarkeit;<\/li>\n\n\n\n<li>das Recht, eine Beschwerde bei der Aufsichtsbeh\u00f6rde \u2013 dem Pr\u00e4sidenten des Amtes f\u00fcr den Schutz personenbezogener Daten &#8211; einzureichen.<\/li>\n<\/ul>\n\n<p>Um Ihre Rechte auszu\u00fcben, kontaktieren Sie uns bitte unter folgender E-Mail-Adresse: kontakt@strive.pl <a href=\"mailto:kontakt@strive.pl\">kontakt@strive.pl<\/a><\/p>\n\n<p>\n          <strong>VII. Cookies. <\/strong>\n        <\/p>\n\n<ul class=\"wp-block-list\">\n<li>Die Website https:\/\/strive.pl verwendet Cookies. Hierbei handelt es sich um kleine Textdateien, die von einem Webserver gesendet und von der Computersoftware Ihres Browsers gespeichert werden. Wenn sich der Browser wieder mit der Website verbindet, erkennt die Website den Ger\u00e4tetyp, von dem aus sich der Benutzer verbindet. Mit den Parametern k\u00f6nnen Sie die darin enthaltenen Informationen nur an den Server lesen, der sie erstellt hat. Cookies erleichtern daher die Nutzung zuvor besuchter Webseiten.    <\/li>\n\n\n\n<li>Die erhobenen Informationen beziehen sich auf die IP-Adresse, die Art des verwendeten Browsers, die Sprache, die Art des Betriebssystems, den Internetdienstanbieter, Zeit- und Datumsinformationen, den Standort und Informationen, die \u00fcber das Kontaktformular an die Website gesendet werden.<\/li>\n<\/ul>\n\n<ul class=\"wp-block-list\">\n<li>Cookies identifizieren den Nutzer, wodurch der Inhalt der von ihm verwendeten Website auf seine Bed\u00fcrfnisse zugeschnitten werden kann. Indem Sie sich an seine Vorlieben erinnern, k\u00f6nnen Sie die an ihn gerichteten Anzeigen entsprechend anpassen. Strive Sp. z o.o. verwendet Cookies, um den h\u00f6chsten Komfortstandard unserer Website zu gew\u00e4hrleisten, und die gesammelten Daten werden nur innerhalb des Unternehmens verwendet, um die Aktivit\u00e4ten zu optimieren.   <\/li>\n<\/ul>\n\n<ul class=\"wp-block-list\">\n<li>Wir verwenden auf unserer Website folgende Cookies:\n<ul class=\"wp-block-list\">\n<li>notwendige Cookies, die die Nutzung von auf der Website verf\u00fcgbaren Diensten erm\u00f6glichen, z. B. Authentifizierungs-Cookies, die f\u00fcr Dienste verwendet werden, die eine Authentifizierung auf der Website erfordern;<\/li>\n\n\n\n<li>Cookies, die zur Gew\u00e4hrleistung der Sicherheit verwendet werden, z. B. zur Aufdeckung von Betrug im Bereich der Authentifizierung innerhalb der Website;<\/li>\n\n\n\n<li>Performance -Cookies, die die Erfassung von Informationen \u00fcber die Nutzung der Website erm\u00f6glichen;<\/li>\n\n\n\n<li>funktionale Cookies, die das &#8222;Erinnern&#8220; der vom Benutzer ausgew\u00e4hlten Einstellungen erm\u00f6glichen;<\/li>\n\n\n\n<li>\u201eWerbe\u201c -Cookies, die die Auslieferung von Werbeinhalten an Nutzer erm\u00f6glichen, die st\u00e4rker auf ihre Interessen zugeschnitten sind.<\/li>\n<\/ul>\n<\/li>\n<\/ul>\n\n<ul class=\"wp-block-list\">\n<li>Der Nutzer hat die M\u00f6glichkeit, das Sammeln von Cookies jederzeit durch eine \u00c4nderung der Einstellungen im Webbrowser zu deaktivieren oder wiederherzustellen. Anweisungen zur Verwaltung von Cookies finden Sie auf der Website. <\/li>\n<\/ul>\n\n<ul class=\"wp-block-list\">\n<li>Von Strive Sp. z o.o. verwendete Cookies k\u00f6nnen folgenden Zwecken dienen: \n<ul class=\"wp-block-list\">\n<li>optimierung der Nutzung der Website durch den Benutzer, Verbesserung der Effizienz und Optimierung des Betriebs der Website.<\/li>\n<\/ul>\n<\/li>\n<\/ul>\n\n<ul class=\"wp-block-list\">\n<li>Die durch Cookies gesammelten und erzeugten Informationen erm\u00f6glichen keine Identifizierung des Benutzers.<\/li>\n<\/ul>\n\n<ul class=\"wp-block-list\">\n<li>Durch den Einsatz von Cookies werden keine personenbezogenen Daten des Nutzers gespeichert. Cookies, die von Strive Sp. z o.o. verwendet werden, sind sicher und haben keine sch\u00e4dlichen Auswirkungen auf den Computer des Benutzers.  <\/li>\n<\/ul>\n\n<p><\/p>\n\n<p><\/p>\n","protected":false},"excerpt":{"rendered":"<p>Diese Datenschutzerkl\u00e4rung enth\u00e4lt die gesetzlich vorgeschriebenen Informationen zur Verarbeitung personenbezogener Daten, die von der Strive Sp. z o.o. mit Sitz in Wroc\u0142aw (50-062), Pl. Solny 14\/3 (im Folgenden Strive) I. Einleitung und von uns verwendete Begriffe Aus Gr\u00fcnden der Transparenz dieser Datenschutzerkl\u00e4rung haben wir es vermieden, eine komplizierte Rechtssprache zu verwenden, wo dies m\u00f6glich war. [&hellip;]<\/p>\n","protected":false},"author":1,"featured_media":0,"parent":0,"menu_order":0,"comment_status":"closed","ping_status":"open","template":"","meta":{"footnotes":""},"class_list":["post-8596","page","type-page","status-publish","hentry"],"_links":{"self":[{"href":"https:\/\/strive.pl\/de\/wp-json\/wp\/v2\/pages\/8596","targetHints":{"allow":["GET"]}}],"collection":[{"href":"https:\/\/strive.pl\/de\/wp-json\/wp\/v2\/pages"}],"about":[{"href":"https:\/\/strive.pl\/de\/wp-json\/wp\/v2\/types\/page"}],"author":[{"embeddable":true,"href":"https:\/\/strive.pl\/de\/wp-json\/wp\/v2\/users\/1"}],"replies":[{"embeddable":true,"href":"https:\/\/strive.pl\/de\/wp-json\/wp\/v2\/comments?post=8596"}],"version-history":[{"count":5,"href":"https:\/\/strive.pl\/de\/wp-json\/wp\/v2\/pages\/8596\/revisions"}],"predecessor-version":[{"id":8621,"href":"https:\/\/strive.pl\/de\/wp-json\/wp\/v2\/pages\/8596\/revisions\/8621"}],"wp:attachment":[{"href":"https:\/\/strive.pl\/de\/wp-json\/wp\/v2\/media?parent=8596"}],"curies":[{"name":"wp","href":"https:\/\/api.w.org\/{rel}","templated":true}]}}